{"id":12,"date":"2018-12-11T14:40:42","date_gmt":"2018-12-11T13:40:42","guid":{"rendered":"https:\/\/www.ccbb-insaiguaviva.org\/socials\/?page_id=12"},"modified":"2018-12-17T20:59:29","modified_gmt":"2018-12-17T19:59:29","slug":"departament-de-ciencies-socials-competencies-basiques","status":"publish","type":"page","link":"https:\/\/www.ccbb-insaiguaviva.org\/socials\/","title":{"rendered":"Departament de Ci\u00e8ncies Socials. Compet\u00e8ncies b\u00e0siques"},"content":{"rendered":"\n<p style=\"text-align:center\"><em><strong>Departament de Ci\u00e8ncies Socials<\/strong><\/em><\/p>\n\n\n\n<p style=\"text-align:center\"><em><strong>Compet\u00e8ncies b\u00e0siques<\/strong><\/em><\/p>\n","protected":false},"excerpt":{"rendered":"<p>Departament de Ci\u00e8ncies Socials Compet\u00e8ncies b\u00e0siques<\/p>\n","protected":false},"author":1,"featured_media":0,"parent":0,"menu_order":0,"comment_status":"closed","ping_status":"closed","template":"","meta":{"footnotes":""},"class_list":["post-12","page","type-page","status-publish","hentry"],"_links":{"self":[{"href":"https:\/\/www.ccbb-insaiguaviva.org\/socials\/wp-json\/wp\/v2\/pages\/12"}],"collection":[{"href":"https:\/\/www.ccbb-insaiguaviva.org\/socials\/wp-json\/wp\/v2\/pages"}],"about":[{"href":"https:\/\/www.ccbb-insaiguaviva.org\/socials\/wp-json\/wp\/v2\/types\/page"}],"author":[{"embeddable":true,"href":"https:\/\/www.ccbb-insaiguaviva.org\/socials\/wp-json\/wp\/v2\/users\/1"}],"replies":[{"embeddable":true,"href":"https:\/\/www.ccbb-insaiguaviva.org\/socials\/wp-json\/wp\/v2\/comments?post=12"}],"version-history":[{"count":3,"href":"https:\/\/www.ccbb-insaiguaviva.org\/socials\/wp-json\/wp\/v2\/pages\/12\/revisions"}],"predecessor-version":[{"id":52,"href":"https:\/\/www.ccbb-insaiguaviva.org\/socials\/wp-json\/wp\/v2\/pages\/12\/revisions\/52"}],"wp:attachment":[{"href":"https:\/\/www.ccbb-insaiguaviva.org\/socials\/wp-json\/wp\/v2\/media?parent=12"}],"curies":[{"name":"wp","href":"https:\/\/api.w.org\/{rel}","templated":true}]}}