{"id":4,"date":"2018-12-16T19:43:57","date_gmt":"2018-12-16T18:43:57","guid":{"rendered":"https:\/\/www.ccbb-insaiguaviva.org\/frances\/?page_id=4"},"modified":"2018-12-17T20:57:10","modified_gmt":"2018-12-17T19:57:10","slug":"ccbb-llengues-estrangeres","status":"publish","type":"page","link":"https:\/\/www.ccbb-insaiguaviva.org\/frances\/","title":{"rendered":"CCBB LLeng\u00fces Estrangeres"},"content":{"rendered":"\n<p style=\"text-align:center\"><strong><em>Departament de\u00a0<\/em><\/strong><strong><em>Lleng\u00fces Estrangeres<\/em><\/strong><\/p>\n\n\n\n<p style=\"text-align:center\"><strong><em>Llengua francesa<\/em><\/strong><\/p>\n\n\n\n<p style=\"text-align:center\"><strong><em>Compet\u00e8ncies b\u00e0siques<\/em><\/strong><\/p>\n","protected":false},"excerpt":{"rendered":"<p>Departament de\u00a0Lleng\u00fces Estrangeres Llengua francesa Compet\u00e8ncies b\u00e0siques<\/p>\n","protected":false},"author":1,"featured_media":0,"parent":0,"menu_order":0,"comment_status":"closed","ping_status":"closed","template":"","meta":{"footnotes":""},"class_list":["post-4","page","type-page","status-publish","hentry"],"_links":{"self":[{"href":"https:\/\/www.ccbb-insaiguaviva.org\/frances\/wp-json\/wp\/v2\/pages\/4"}],"collection":[{"href":"https:\/\/www.ccbb-insaiguaviva.org\/frances\/wp-json\/wp\/v2\/pages"}],"about":[{"href":"https:\/\/www.ccbb-insaiguaviva.org\/frances\/wp-json\/wp\/v2\/types\/page"}],"author":[{"embeddable":true,"href":"https:\/\/www.ccbb-insaiguaviva.org\/frances\/wp-json\/wp\/v2\/users\/1"}],"replies":[{"embeddable":true,"href":"https:\/\/www.ccbb-insaiguaviva.org\/frances\/wp-json\/wp\/v2\/comments?post=4"}],"version-history":[{"count":3,"href":"https:\/\/www.ccbb-insaiguaviva.org\/frances\/wp-json\/wp\/v2\/pages\/4\/revisions"}],"predecessor-version":[{"id":13,"href":"https:\/\/www.ccbb-insaiguaviva.org\/frances\/wp-json\/wp\/v2\/pages\/4\/revisions\/13"}],"wp:attachment":[{"href":"https:\/\/www.ccbb-insaiguaviva.org\/frances\/wp-json\/wp\/v2\/media?parent=4"}],"curies":[{"name":"wp","href":"https:\/\/api.w.org\/{rel}","templated":true}]}}