{"id":6,"date":"2018-12-16T20:10:15","date_gmt":"2018-12-16T19:10:15","guid":{"rendered":"https:\/\/www.ccbb-insaiguaviva.org\/evp\/?page_id=6"},"modified":"2018-12-17T21:27:58","modified_gmt":"2018-12-17T20:27:58","slug":"ccbb-educacio-visual-i-plastica","status":"publish","type":"page","link":"https:\/\/www.ccbb-insaiguaviva.org\/evp\/","title":{"rendered":"CCBB Educaci\u00f3 Visual i Pl\u00e0stica"},"content":{"rendered":"\n<p style=\"text-align:center\"><strong><em>Departament d&#8217;Educaci\u00f3 Visual i Pl\u00e0stica<\/em><\/strong><\/p>\n\n\n\n<p style=\"text-align:center\"><strong><em>Compet\u00e8ncies b\u00e0siques<\/em><\/strong><\/p>\n","protected":false},"excerpt":{"rendered":"<p>Departament d&#8217;Educaci\u00f3 Visual i Pl\u00e0stica Compet\u00e8ncies b\u00e0siques<\/p>\n","protected":false},"author":1,"featured_media":0,"parent":0,"menu_order":0,"comment_status":"closed","ping_status":"closed","template":"","meta":{"footnotes":""},"class_list":["post-6","page","type-page","status-publish","hentry"],"_links":{"self":[{"href":"https:\/\/www.ccbb-insaiguaviva.org\/evp\/wp-json\/wp\/v2\/pages\/6"}],"collection":[{"href":"https:\/\/www.ccbb-insaiguaviva.org\/evp\/wp-json\/wp\/v2\/pages"}],"about":[{"href":"https:\/\/www.ccbb-insaiguaviva.org\/evp\/wp-json\/wp\/v2\/types\/page"}],"author":[{"embeddable":true,"href":"https:\/\/www.ccbb-insaiguaviva.org\/evp\/wp-json\/wp\/v2\/users\/1"}],"replies":[{"embeddable":true,"href":"https:\/\/www.ccbb-insaiguaviva.org\/evp\/wp-json\/wp\/v2\/comments?post=6"}],"version-history":[{"count":4,"href":"https:\/\/www.ccbb-insaiguaviva.org\/evp\/wp-json\/wp\/v2\/pages\/6\/revisions"}],"predecessor-version":[{"id":15,"href":"https:\/\/www.ccbb-insaiguaviva.org\/evp\/wp-json\/wp\/v2\/pages\/6\/revisions\/15"}],"wp:attachment":[{"href":"https:\/\/www.ccbb-insaiguaviva.org\/evp\/wp-json\/wp\/v2\/media?parent=6"}],"curies":[{"name":"wp","href":"https:\/\/api.w.org\/{rel}","templated":true}]}}