{"id":17,"date":"2018-12-16T19:54:19","date_gmt":"2018-12-16T18:54:19","guid":{"rendered":"https:\/\/www.ccbb-insaiguaviva.org\/ccee\/?page_id=17"},"modified":"2018-12-18T18:27:22","modified_gmt":"2018-12-18T17:27:22","slug":"ccbb-ciencies-experimentals","status":"publish","type":"page","link":"https:\/\/www.ccbb-insaiguaviva.org\/ccee\/","title":{"rendered":"CCBB Ci\u00e8ncies Experimentals"},"content":{"rendered":"\n<p style=\"text-align:center\"><strong><em>Departament de Ci\u00e8ncies Experimentals<\/em><\/strong><\/p>\n\n\n\n<p style=\"text-align:center\"><strong><em>Compet\u00e8ncies b\u00e0siques<\/em><\/strong><\/p>\n","protected":false},"excerpt":{"rendered":"<p>Departament de Ci\u00e8ncies Experimentals Compet\u00e8ncies b\u00e0siques<\/p>\n","protected":false},"author":1,"featured_media":0,"parent":0,"menu_order":0,"comment_status":"closed","ping_status":"closed","template":"","meta":{"footnotes":""},"class_list":["post-17","page","type-page","status-publish","hentry"],"_links":{"self":[{"href":"https:\/\/www.ccbb-insaiguaviva.org\/ccee\/wp-json\/wp\/v2\/pages\/17"}],"collection":[{"href":"https:\/\/www.ccbb-insaiguaviva.org\/ccee\/wp-json\/wp\/v2\/pages"}],"about":[{"href":"https:\/\/www.ccbb-insaiguaviva.org\/ccee\/wp-json\/wp\/v2\/types\/page"}],"author":[{"embeddable":true,"href":"https:\/\/www.ccbb-insaiguaviva.org\/ccee\/wp-json\/wp\/v2\/users\/1"}],"replies":[{"embeddable":true,"href":"https:\/\/www.ccbb-insaiguaviva.org\/ccee\/wp-json\/wp\/v2\/comments?post=17"}],"version-history":[{"count":3,"href":"https:\/\/www.ccbb-insaiguaviva.org\/ccee\/wp-json\/wp\/v2\/pages\/17\/revisions"}],"predecessor-version":[{"id":53,"href":"https:\/\/www.ccbb-insaiguaviva.org\/ccee\/wp-json\/wp\/v2\/pages\/17\/revisions\/53"}],"wp:attachment":[{"href":"https:\/\/www.ccbb-insaiguaviva.org\/ccee\/wp-json\/wp\/v2\/media?parent=17"}],"curies":[{"name":"wp","href":"https:\/\/api.w.org\/{rel}","templated":true}]}}