{"id":4,"date":"2018-12-16T19:26:11","date_gmt":"2018-12-16T18:26:11","guid":{"rendered":"https:\/\/www.ccbb-insaiguaviva.org\/angles\/?page_id=4"},"modified":"2018-12-17T20:50:30","modified_gmt":"2018-12-17T19:50:30","slug":"ccbb-llengues-estrangeres","status":"publish","type":"page","link":"https:\/\/www.ccbb-insaiguaviva.org\/angles\/","title":{"rendered":"CCBB Lleng\u00fces Estrangeres"},"content":{"rendered":"\n<p style=\"text-align:center\"><strong><em>Departament de Lleng\u00fces Estrangeres<\/em><\/strong><\/p>\n\n\n\n<p style=\"text-align:center\"><strong><em>Llengua anglesa<\/em><\/strong><\/p>\n\n\n\n<p style=\"text-align:center\"><strong><em>Compet\u00e8ncies b\u00e0siques<\/em><\/strong><\/p>\n","protected":false},"excerpt":{"rendered":"<p>Departament de Lleng\u00fces Estrangeres Llengua anglesa Compet\u00e8ncies b\u00e0siques<\/p>\n","protected":false},"author":1,"featured_media":0,"parent":0,"menu_order":0,"comment_status":"closed","ping_status":"closed","template":"","meta":{"footnotes":""},"class_list":["post-4","page","type-page","status-publish","hentry"],"_links":{"self":[{"href":"https:\/\/www.ccbb-insaiguaviva.org\/angles\/wp-json\/wp\/v2\/pages\/4"}],"collection":[{"href":"https:\/\/www.ccbb-insaiguaviva.org\/angles\/wp-json\/wp\/v2\/pages"}],"about":[{"href":"https:\/\/www.ccbb-insaiguaviva.org\/angles\/wp-json\/wp\/v2\/types\/page"}],"author":[{"embeddable":true,"href":"https:\/\/www.ccbb-insaiguaviva.org\/angles\/wp-json\/wp\/v2\/users\/1"}],"replies":[{"embeddable":true,"href":"https:\/\/www.ccbb-insaiguaviva.org\/angles\/wp-json\/wp\/v2\/comments?post=4"}],"version-history":[{"count":3,"href":"https:\/\/www.ccbb-insaiguaviva.org\/angles\/wp-json\/wp\/v2\/pages\/4\/revisions"}],"predecessor-version":[{"id":12,"href":"https:\/\/www.ccbb-insaiguaviva.org\/angles\/wp-json\/wp\/v2\/pages\/4\/revisions\/12"}],"wp:attachment":[{"href":"https:\/\/www.ccbb-insaiguaviva.org\/angles\/wp-json\/wp\/v2\/media?parent=4"}],"curies":[{"name":"wp","href":"https:\/\/api.w.org\/{rel}","templated":true}]}}